{"id":4164,"date":"2025-12-02T19:54:19","date_gmt":"2025-12-02T18:54:19","guid":{"rendered":"https:\/\/meca-remorque.com\/?post_type=product&#038;p=4164"},"modified":"2025-12-02T19:54:53","modified_gmt":"2025-12-02T18:54:53","slug":"nordpeis-powerstone-for-q-34al","status":"publish","type":"product","link":"https:\/\/meca-remorque.com\/fr\/produit\/nordpeis-powerstone-for-q-34al\/","title":{"rendered":"Nordpeis Powerstone for Q-34AL"},"content":{"rendered":"","protected":false},"excerpt":{"rendered":"<p>I motsetning til en tradisjonell ovn eller innsats, er varmelagrende ildsteder konstruert for \u00e5 holde p\u00e5 varmen. Slik utnytter de varmeenergien maksimalt og avgir god, lun varme ogs\u00e5 lenge etter at ilden er slukket. Det betyr lavere vedforbruk og en mer \u00f8konomisk og milj\u00f8vennlig form for fyring. \u00d8nsker du et ildsted med jevn og lang varmeavgivelse er PowerStone\u2122 en god investering. PowerStone\u2122 er et varmelagrende betongmateriale som vi i Nordpeis har testet og utviklet siden 2004. Som resultat har vi f\u00e5tt et produkt som lett kan formes og tilpasses slik at PowerStone\u2122 enkelt kan stables uten bruk av lim eller andre komponenter. Steinen har tiln\u00e6rmet lik varmelagrende effekt som tradisjonell kleberstein.<\/p>","protected":false},"featured_media":4240,"comment_status":"open","ping_status":"closed","template":"","meta":[],"product_brand":[],"product_cat":[348],"product_tag":[],"class_list":{"0":"post-4164","1":"product","2":"type-product","3":"status-publish","4":"has-post-thumbnail","6":"product_cat-tilbehor","8":"first","9":"instock","10":"shipping-taxable","11":"purchasable","12":"product-type-simple"},"_links":{"self":[{"href":"https:\/\/meca-remorque.com\/fr\/wp-json\/wp\/v2\/product\/4164","targetHints":{"allow":["GET"]}}],"collection":[{"href":"https:\/\/meca-remorque.com\/fr\/wp-json\/wp\/v2\/product"}],"about":[{"href":"https:\/\/meca-remorque.com\/fr\/wp-json\/wp\/v2\/types\/product"}],"replies":[{"embeddable":true,"href":"https:\/\/meca-remorque.com\/fr\/wp-json\/wp\/v2\/comments?post=4164"}],"version-history":[{"count":1,"href":"https:\/\/meca-remorque.com\/fr\/wp-json\/wp\/v2\/product\/4164\/revisions"}],"predecessor-version":[{"id":4241,"href":"https:\/\/meca-remorque.com\/fr\/wp-json\/wp\/v2\/product\/4164\/revisions\/4241"}],"wp:featuredmedia":[{"embeddable":true,"href":"https:\/\/meca-remorque.com\/fr\/wp-json\/wp\/v2\/media\/4240"}],"wp:attachment":[{"href":"https:\/\/meca-remorque.com\/fr\/wp-json\/wp\/v2\/media?parent=4164"}],"wp:term":[{"taxonomy":"product_brand","embeddable":true,"href":"https:\/\/meca-remorque.com\/fr\/wp-json\/wp\/v2\/product_brand?post=4164"},{"taxonomy":"product_cat","embeddable":true,"href":"https:\/\/meca-remorque.com\/fr\/wp-json\/wp\/v2\/product_cat?post=4164"},{"taxonomy":"product_tag","embeddable":true,"href":"https:\/\/meca-remorque.com\/fr\/wp-json\/wp\/v2\/product_tag?post=4164"}],"curies":[{"name":"wp","href":"https:\/\/api.w.org\/{rel}","templated":true}]}}