{"id":4197,"date":"2025-12-02T19:54:42","date_gmt":"2025-12-02T18:54:42","guid":{"rendered":"https:\/\/meca-remorque.com\/?post_type=product&#038;p=4197"},"modified":"2025-12-02T19:54:54","modified_gmt":"2025-12-02T18:54:54","slug":"romotop-esquina-h-30","status":"publish","type":"product","link":"https:\/\/meca-remorque.com\/fr\/produit\/romotop-esquina-h-30\/","title":{"rendered":"Romotop Esquina H 30"},"content":{"rendered":"<p>Hj\u00f8rnemodell med h\u00f8y glassd\u00f8r Denne slanke, vinklede modellen med h\u00f8y glassd\u00f8r vil garantert fange oppmerksomheten til alle. Den eksepsjonelle hj\u00f8rned\u00f8ren gir mer intens kontakt med flammene fra alle vinkler av rommet den st\u00e5r i. ESQUINA peisovn er godt egnet for lavenergiboliger. Et EAI-system (Eksternt luftinntak) er inkludert som standard. Det ventilerte designh\u00e5ndtaket sikrer lav temperatur og kan betjenes gjennom hele fyringsperioden. D\u00f8ren kan l\u00e5ses i \u00e5pen stilling. Standardversjonen inkluderer mulighet for b\u00e5de topp- og bakmontering av r\u00f8ykuttak. Takket v\u00e6re det sekund\u00e6re luftinntaket blir d\u00f8rglasset luftvasket for \u00e5 forhindre opphopning av sot. Forbrenningskammeret er foret med hvit MATRIX chamotte murstein. Det prim\u00e6re og sekund\u00e6re luftinntaket reguleres av en enkel spak. Den nedre delen av ovnen inkluderer ogs\u00e5 et oppbevaringsrom med en d\u00f8r for oppbevaring av opptenningsmidler og utstyr. I tillegg kan du kj\u00f8pe ekstra akkumuleringselementer som avgir lagret varme i opptil 5 timer.<\/p>","protected":false},"excerpt":{"rendered":"<p>Hj\u00f8rnemodell med h\u00f8y glassd\u00f8r &#8230;les mer<\/p>","protected":false},"featured_media":4244,"comment_status":"open","ping_status":"closed","template":"","meta":[],"product_brand":[],"product_cat":[282],"product_tag":[],"class_list":{"0":"post-4197","1":"product","2":"type-product","3":"status-publish","4":"has-post-thumbnail","6":"product_cat-peisovner-og-vedovner","8":"first","9":"instock","10":"shipping-taxable","11":"purchasable","12":"product-type-simple"},"_links":{"self":[{"href":"https:\/\/meca-remorque.com\/fr\/wp-json\/wp\/v2\/product\/4197","targetHints":{"allow":["GET"]}}],"collection":[{"href":"https:\/\/meca-remorque.com\/fr\/wp-json\/wp\/v2\/product"}],"about":[{"href":"https:\/\/meca-remorque.com\/fr\/wp-json\/wp\/v2\/types\/product"}],"replies":[{"embeddable":true,"href":"https:\/\/meca-remorque.com\/fr\/wp-json\/wp\/v2\/comments?post=4197"}],"version-history":[{"count":1,"href":"https:\/\/meca-remorque.com\/fr\/wp-json\/wp\/v2\/product\/4197\/revisions"}],"predecessor-version":[{"id":4245,"href":"https:\/\/meca-remorque.com\/fr\/wp-json\/wp\/v2\/product\/4197\/revisions\/4245"}],"wp:featuredmedia":[{"embeddable":true,"href":"https:\/\/meca-remorque.com\/fr\/wp-json\/wp\/v2\/media\/4244"}],"wp:attachment":[{"href":"https:\/\/meca-remorque.com\/fr\/wp-json\/wp\/v2\/media?parent=4197"}],"wp:term":[{"taxonomy":"product_brand","embeddable":true,"href":"https:\/\/meca-remorque.com\/fr\/wp-json\/wp\/v2\/product_brand?post=4197"},{"taxonomy":"product_cat","embeddable":true,"href":"https:\/\/meca-remorque.com\/fr\/wp-json\/wp\/v2\/product_cat?post=4197"},{"taxonomy":"product_tag","embeddable":true,"href":"https:\/\/meca-remorque.com\/fr\/wp-json\/wp\/v2\/product_tag?post=4197"}],"curies":[{"name":"wp","href":"https:\/\/api.w.org\/{rel}","templated":true}]}}