{"id":4198,"date":"2025-12-02T19:54:42","date_gmt":"2025-12-02T18:54:42","guid":{"rendered":"https:\/\/meca-remorque.com\/?post_type=product&#038;p=4198"},"modified":"2025-12-02T19:54:55","modified_gmt":"2025-12-02T18:54:55","slug":"romotop-evora-10-keramikk","status":"publish","type":"product","link":"https:\/\/meca-remorque.com\/fr\/produit\/romotop-evora-10-keramikk\/","title":{"rendered":"Romotop Evora 10 Keramikk"},"content":{"rendered":"<p>Romotop Evora, keramikk&#8221;Et kompakt ildsted i popul\u00e6r oval utforming&#8221; Godt egnet for lav-energi-hus. Buet glass med godt innsyn til flammene Forvarmet sekund\u00e6rluft som vasker ovnsglasset rent for sot og st\u00f8v. Kun ett h\u00e5ndtak\/regulator for kontroll av trekk\/forbrenning Sokkelrom med d\u00f8r. Klargjort for frisklufttilkobling (CAI).<\/p>","protected":false},"excerpt":{"rendered":"<p>Romotop Evora, keramikk &#8230;les mer<\/p>","protected":false},"featured_media":4246,"comment_status":"open","ping_status":"closed","template":"","meta":[],"product_brand":[],"product_cat":[282],"product_tag":[],"class_list":{"0":"post-4198","1":"product","2":"type-product","3":"status-publish","4":"has-post-thumbnail","6":"product_cat-peisovner-og-vedovner","8":"first","9":"instock","10":"shipping-taxable","11":"purchasable","12":"product-type-simple"},"_links":{"self":[{"href":"https:\/\/meca-remorque.com\/fr\/wp-json\/wp\/v2\/product\/4198","targetHints":{"allow":["GET"]}}],"collection":[{"href":"https:\/\/meca-remorque.com\/fr\/wp-json\/wp\/v2\/product"}],"about":[{"href":"https:\/\/meca-remorque.com\/fr\/wp-json\/wp\/v2\/types\/product"}],"replies":[{"embeddable":true,"href":"https:\/\/meca-remorque.com\/fr\/wp-json\/wp\/v2\/comments?post=4198"}],"version-history":[{"count":1,"href":"https:\/\/meca-remorque.com\/fr\/wp-json\/wp\/v2\/product\/4198\/revisions"}],"predecessor-version":[{"id":4247,"href":"https:\/\/meca-remorque.com\/fr\/wp-json\/wp\/v2\/product\/4198\/revisions\/4247"}],"wp:featuredmedia":[{"embeddable":true,"href":"https:\/\/meca-remorque.com\/fr\/wp-json\/wp\/v2\/media\/4246"}],"wp:attachment":[{"href":"https:\/\/meca-remorque.com\/fr\/wp-json\/wp\/v2\/media?parent=4198"}],"wp:term":[{"taxonomy":"product_brand","embeddable":true,"href":"https:\/\/meca-remorque.com\/fr\/wp-json\/wp\/v2\/product_brand?post=4198"},{"taxonomy":"product_cat","embeddable":true,"href":"https:\/\/meca-remorque.com\/fr\/wp-json\/wp\/v2\/product_cat?post=4198"},{"taxonomy":"product_tag","embeddable":true,"href":"https:\/\/meca-remorque.com\/fr\/wp-json\/wp\/v2\/product_tag?post=4198"}],"curies":[{"name":"wp","href":"https:\/\/api.w.org\/{rel}","templated":true}]}}