{"id":4207,"date":"2025-12-02T19:54:43","date_gmt":"2025-12-02T18:54:43","guid":{"rendered":"https:\/\/meca-remorque.com\/?post_type=product&#038;p=4207"},"modified":"2025-12-02T19:55:00","modified_gmt":"2025-12-02T18:55:00","slug":"romotop-ovalis-10-keramikk","status":"publish","type":"product","link":"https:\/\/meca-remorque.com\/fr\/produit\/romotop-ovalis-10-keramikk\/","title":{"rendered":"Romotop Ovalis 10 Keramikk"},"content":{"rendered":"<p>Romotop Ovalis med keramikk. N\u00f8ye beregning av alle viktige dimensjoner har resultert i et unikt design. Formen p\u00e5 ovner er oval og gir dermed et litt bredere brennkammer enn liknende ovner. Det gj\u00f8r den lett og bruke \u00e5 tenne opp, siden man f\u00e5r plass til ved i st\u00f8rre lengder. Brennkammeret er kledd med slitesterk og ildfaste keramiske steiner. Stort og buet glass gir meget godt innsyn til flammene.<br \/>\n&nbsp;<br \/>\n-Mulighet for varmelagringselement over brennkammeret.<br \/>\n-Langvarig str\u00e5lingsvarme.<br \/>\n-Passer til lavenergihus.<br \/>\n-Massiv askerist i st\u00f8pejern.<br \/>\n-Dekorativt st\u00e5lh\u00e5ndtak med ventilering.<br \/>\n-Forvarmet sekund\u00e6rluft som holder ovnsglasset rent.<br \/>\n-Integrert d\u00f8r for sokkelromKun ett h\u00e5ndtak for regulering av forbrenning.<br \/>\n-Keramisk stein i brennkammer.<br \/>\n-D\u00f8r med tre l\u00e5sepunkter sikrer helt tett brennkammer.<br \/>\n-Forberett for friskluftstilkobling.<\/p>","protected":false},"excerpt":{"rendered":"<p>Romotop Ovalis med keramikk. N\u00f8ye beregning av &#8230;les mer<\/p>","protected":false},"featured_media":4264,"comment_status":"open","ping_status":"closed","template":"","meta":[],"product_brand":[],"product_cat":[282],"product_tag":[],"class_list":{"0":"post-4207","1":"product","2":"type-product","3":"status-publish","4":"has-post-thumbnail","6":"product_cat-peisovner-og-vedovner","8":"first","9":"instock","10":"shipping-taxable","11":"purchasable","12":"product-type-simple"},"_links":{"self":[{"href":"https:\/\/meca-remorque.com\/fr\/wp-json\/wp\/v2\/product\/4207","targetHints":{"allow":["GET"]}}],"collection":[{"href":"https:\/\/meca-remorque.com\/fr\/wp-json\/wp\/v2\/product"}],"about":[{"href":"https:\/\/meca-remorque.com\/fr\/wp-json\/wp\/v2\/types\/product"}],"replies":[{"embeddable":true,"href":"https:\/\/meca-remorque.com\/fr\/wp-json\/wp\/v2\/comments?post=4207"}],"version-history":[{"count":1,"href":"https:\/\/meca-remorque.com\/fr\/wp-json\/wp\/v2\/product\/4207\/revisions"}],"predecessor-version":[{"id":4265,"href":"https:\/\/meca-remorque.com\/fr\/wp-json\/wp\/v2\/product\/4207\/revisions\/4265"}],"wp:featuredmedia":[{"embeddable":true,"href":"https:\/\/meca-remorque.com\/fr\/wp-json\/wp\/v2\/media\/4264"}],"wp:attachment":[{"href":"https:\/\/meca-remorque.com\/fr\/wp-json\/wp\/v2\/media?parent=4207"}],"wp:term":[{"taxonomy":"product_brand","embeddable":true,"href":"https:\/\/meca-remorque.com\/fr\/wp-json\/wp\/v2\/product_brand?post=4207"},{"taxonomy":"product_cat","embeddable":true,"href":"https:\/\/meca-remorque.com\/fr\/wp-json\/wp\/v2\/product_cat?post=4207"},{"taxonomy":"product_tag","embeddable":true,"href":"https:\/\/meca-remorque.com\/fr\/wp-json\/wp\/v2\/product_tag?post=4207"}],"curies":[{"name":"wp","href":"https:\/\/api.w.org\/{rel}","templated":true}]}}