{"id":4275,"date":"2025-12-02T19:55:05","date_gmt":"2025-12-02T18:55:05","guid":{"rendered":"https:\/\/meca-remorque.com\/?post_type=product&#038;p=4275"},"modified":"2025-12-02T19:55:08","modified_gmt":"2025-12-02T18:55:08","slug":"romotop-ovalis-h-10-keramikk","status":"publish","type":"product","link":"https:\/\/meca-remorque.com\/fr\/produit\/romotop-ovalis-h-10-keramikk\/","title":{"rendered":"Romotop Ovalis H 10 Keramikk"},"content":{"rendered":"<p>Romotop Ovalis H med mulighet for akkumulering.<br \/>\nN\u00f8ye beregning av alle viktige dimensjoner har resultert i et unikt design. Formen p\u00e5 ovnen er oval og gir dermed et litt bredere brennkammer enn liknende ovner. Det gj\u00f8r at det er lett \u00e5 tenne opp, siden man f\u00e5r plass til ved i st\u00f8rre lengder. Brennkammeret er kledd med slitesterk og ildfaste keramiske steiner. Stort og buet glass gir meget godt innsyn til flammene.<br \/>\nInntil 40 cm vedlengde<br \/>\nMulighet for varmelagringselement over brennkammeret<br \/>\nLangvarig str\u00e5lingsvarme<br \/>\nPasser til lavenergihus<br \/>\nMassiv askerist i st\u00f8pejern<br \/>\nDekorativt st\u00e5lh\u00e5ndtak med ventilering<br \/>\nForvarmet sekund\u00e6rluft som holder ovnsglasset rent<br \/>\nIntegrert d\u00f8r for sokkelrom<br \/>\nKun ett h\u00e5ndtak for regulering av forbrenning<br \/>\nKeramisk stein i brennkammer<br \/>\nD\u00f8r med tre l\u00e5sepunkter sikrer helt tett brennkammer<br \/>\nForberett for friskluftstilkobling<\/p>","protected":false},"excerpt":{"rendered":"<p>Romotop Ovalis H med mulighet for akkumulering.<br \/>\nN\u00f8ye beregning av alle viktige dimensjoner har resultert i et unikt design. Formen p\u00e5 ovnen er oval og gir dermed et litt bredere brennkammer enn liknende ovner. Det gj\u00f8r at det er lett \u00e5 tenne opp, siden man f\u00e5r plass til ved i st\u00f8rre lengder. Brennkammeret er kledd med slitesterk og ildfaste keramiske steiner. Stort og buet glass gir meget godt innsyn til flammene.<\/p>","protected":false},"featured_media":4305,"comment_status":"open","ping_status":"closed","template":"","meta":[],"product_brand":[],"product_cat":[282],"product_tag":[],"class_list":{"0":"post-4275","1":"product","2":"type-product","3":"status-publish","4":"has-post-thumbnail","6":"product_cat-peisovner-og-vedovner","8":"first","9":"instock","10":"shipping-taxable","11":"purchasable","12":"product-type-simple"},"_links":{"self":[{"href":"https:\/\/meca-remorque.com\/fr\/wp-json\/wp\/v2\/product\/4275","targetHints":{"allow":["GET"]}}],"collection":[{"href":"https:\/\/meca-remorque.com\/fr\/wp-json\/wp\/v2\/product"}],"about":[{"href":"https:\/\/meca-remorque.com\/fr\/wp-json\/wp\/v2\/types\/product"}],"replies":[{"embeddable":true,"href":"https:\/\/meca-remorque.com\/fr\/wp-json\/wp\/v2\/comments?post=4275"}],"version-history":[{"count":1,"href":"https:\/\/meca-remorque.com\/fr\/wp-json\/wp\/v2\/product\/4275\/revisions"}],"predecessor-version":[{"id":4306,"href":"https:\/\/meca-remorque.com\/fr\/wp-json\/wp\/v2\/product\/4275\/revisions\/4306"}],"wp:featuredmedia":[{"embeddable":true,"href":"https:\/\/meca-remorque.com\/fr\/wp-json\/wp\/v2\/media\/4305"}],"wp:attachment":[{"href":"https:\/\/meca-remorque.com\/fr\/wp-json\/wp\/v2\/media?parent=4275"}],"wp:term":[{"taxonomy":"product_brand","embeddable":true,"href":"https:\/\/meca-remorque.com\/fr\/wp-json\/wp\/v2\/product_brand?post=4275"},{"taxonomy":"product_cat","embeddable":true,"href":"https:\/\/meca-remorque.com\/fr\/wp-json\/wp\/v2\/product_cat?post=4275"},{"taxonomy":"product_tag","embeddable":true,"href":"https:\/\/meca-remorque.com\/fr\/wp-json\/wp\/v2\/product_tag?post=4275"}],"curies":[{"name":"wp","href":"https:\/\/api.w.org\/{rel}","templated":true}]}}