{"id":4276,"date":"2025-12-02T19:55:05","date_gmt":"2025-12-02T18:55:05","guid":{"rendered":"https:\/\/meca-remorque.com\/?post_type=product&#038;p=4276"},"modified":"2025-12-02T19:55:08","modified_gmt":"2025-12-02T18:55:08","slug":"romotop-ovalis-30-sort-stal","status":"publish","type":"product","link":"https:\/\/meca-remorque.com\/fr\/produit\/romotop-ovalis-30-sort-stal\/","title":{"rendered":"Romotop Ovalis 30 Sort st\u00e5l"},"content":{"rendered":"<p>Romotop Ovalis i standard st\u00e5l. N\u00f8ye beregning av alle viktige dimensjoner har resultert i et unikt design. Formen p\u00e5 ovner er oval og gir dermed et litt bredere brennkammer enn liknende ovner. Det gj\u00f8r den lett og bruke \u00e5 tenne opp, siden man f\u00e5r plass til ved i st\u00f8rre lengder. Brennkammeret er kledd med slitesterk og ildfaste keramiske steiner. Stort og buet glass gir meget godt innsyn til flammene. Mulighet for varmelagringselement over brennkammeret.<br \/>\n&nbsp;<br \/>\n-Langvarig str\u00e5lingsvarme.<br \/>\n-Passer til lavenergihusMassiv askerist i st\u00f8pejern.<br \/>\n-Dekorativt st\u00e5lh\u00e5ndtak med ventilering.<br \/>\n-Forvarmet sekund\u00e6rluft som holder ovnsglasset rent.<br \/>\n-Integrert d\u00f8r for sokkelrom.<br \/>\n-Kun ett h\u00e5ndtak for regulering av forbrenning.<br \/>\n-Keramisk stein i brennkammer.<br \/>\n-D\u00f8r med tre l\u00e5sepunkter sikrer helt tett brennkammer.<br \/>\n-Forberedt for friskluftstilkobling.<\/p>","protected":false},"excerpt":{"rendered":"<p>Romotop Ovalis i standard st\u00e5l &#8230;les mer<\/p>","protected":false},"featured_media":4307,"comment_status":"open","ping_status":"closed","template":"","meta":[],"product_brand":[],"product_cat":[282],"product_tag":[],"class_list":{"0":"post-4276","1":"product","2":"type-product","3":"status-publish","4":"has-post-thumbnail","6":"product_cat-peisovner-og-vedovner","8":"first","9":"instock","10":"shipping-taxable","11":"purchasable","12":"product-type-simple"},"_links":{"self":[{"href":"https:\/\/meca-remorque.com\/fr\/wp-json\/wp\/v2\/product\/4276","targetHints":{"allow":["GET"]}}],"collection":[{"href":"https:\/\/meca-remorque.com\/fr\/wp-json\/wp\/v2\/product"}],"about":[{"href":"https:\/\/meca-remorque.com\/fr\/wp-json\/wp\/v2\/types\/product"}],"replies":[{"embeddable":true,"href":"https:\/\/meca-remorque.com\/fr\/wp-json\/wp\/v2\/comments?post=4276"}],"version-history":[{"count":1,"href":"https:\/\/meca-remorque.com\/fr\/wp-json\/wp\/v2\/product\/4276\/revisions"}],"predecessor-version":[{"id":4308,"href":"https:\/\/meca-remorque.com\/fr\/wp-json\/wp\/v2\/product\/4276\/revisions\/4308"}],"wp:featuredmedia":[{"embeddable":true,"href":"https:\/\/meca-remorque.com\/fr\/wp-json\/wp\/v2\/media\/4307"}],"wp:attachment":[{"href":"https:\/\/meca-remorque.com\/fr\/wp-json\/wp\/v2\/media?parent=4276"}],"wp:term":[{"taxonomy":"product_brand","embeddable":true,"href":"https:\/\/meca-remorque.com\/fr\/wp-json\/wp\/v2\/product_brand?post=4276"},{"taxonomy":"product_cat","embeddable":true,"href":"https:\/\/meca-remorque.com\/fr\/wp-json\/wp\/v2\/product_cat?post=4276"},{"taxonomy":"product_tag","embeddable":true,"href":"https:\/\/meca-remorque.com\/fr\/wp-json\/wp\/v2\/product_tag?post=4276"}],"curies":[{"name":"wp","href":"https:\/\/api.w.org\/{rel}","templated":true}]}}