{"id":4286,"date":"2025-12-02T19:55:06","date_gmt":"2025-12-02T18:55:06","guid":{"rendered":"https:\/\/meca-remorque.com\/?post_type=product&#038;p=4286"},"modified":"2025-12-02T19:55:13","modified_gmt":"2025-12-02T18:55:13","slug":"romotop-evora-t-30-sort-stal","status":"publish","type":"product","link":"https:\/\/meca-remorque.com\/fr\/produit\/romotop-evora-t-30-sort-stal\/","title":{"rendered":"Romotop Evora T 30 Sort st\u00e5l"},"content":{"rendered":"<p>Romotop Evora, s\u00f8ylemodell i sort st\u00e5l. &#8220;Et kompakt ildsted p\u00e5 svingbar s\u00f8yle i popul\u00e6r oval utforming&#8221; Godt egnet for lav-energi-hus. Buet glass med godt innsyn til flammene. Forvarmet sekund\u00e6rluft som vasker ovnsglasset rent for sot og st\u00f8v. Kun ett h\u00e5ndtak\/regulator for kontroll av trekk\/forbrenning. Klargjort for frisklufttilkobling (CAI).<\/p>","protected":false},"excerpt":{"rendered":"<p>Romotop Evora, s\u00f8ylemodell i sort st\u00e5l &#8230;les mer<\/p>","protected":false},"featured_media":4262,"comment_status":"open","ping_status":"closed","template":"","meta":[],"product_brand":[],"product_cat":[282],"product_tag":[],"class_list":{"0":"post-4286","1":"product","2":"type-product","3":"status-publish","4":"has-post-thumbnail","6":"product_cat-peisovner-og-vedovner","8":"first","9":"instock","10":"shipping-taxable","11":"purchasable","12":"product-type-simple"},"_links":{"self":[{"href":"https:\/\/meca-remorque.com\/fr\/wp-json\/wp\/v2\/product\/4286","targetHints":{"allow":["GET"]}}],"collection":[{"href":"https:\/\/meca-remorque.com\/fr\/wp-json\/wp\/v2\/product"}],"about":[{"href":"https:\/\/meca-remorque.com\/fr\/wp-json\/wp\/v2\/types\/product"}],"replies":[{"embeddable":true,"href":"https:\/\/meca-remorque.com\/fr\/wp-json\/wp\/v2\/comments?post=4286"}],"version-history":[{"count":1,"href":"https:\/\/meca-remorque.com\/fr\/wp-json\/wp\/v2\/product\/4286\/revisions"}],"predecessor-version":[{"id":4327,"href":"https:\/\/meca-remorque.com\/fr\/wp-json\/wp\/v2\/product\/4286\/revisions\/4327"}],"wp:featuredmedia":[{"embeddable":true,"href":"https:\/\/meca-remorque.com\/fr\/wp-json\/wp\/v2\/media\/4262"}],"wp:attachment":[{"href":"https:\/\/meca-remorque.com\/fr\/wp-json\/wp\/v2\/media?parent=4286"}],"wp:term":[{"taxonomy":"product_brand","embeddable":true,"href":"https:\/\/meca-remorque.com\/fr\/wp-json\/wp\/v2\/product_brand?post=4286"},{"taxonomy":"product_cat","embeddable":true,"href":"https:\/\/meca-remorque.com\/fr\/wp-json\/wp\/v2\/product_cat?post=4286"},{"taxonomy":"product_tag","embeddable":true,"href":"https:\/\/meca-remorque.com\/fr\/wp-json\/wp\/v2\/product_tag?post=4286"}],"curies":[{"name":"wp","href":"https:\/\/api.w.org\/{rel}","templated":true}]}}