{"id":4287,"date":"2025-12-02T19:55:06","date_gmt":"2025-12-02T18:55:06","guid":{"rendered":"https:\/\/meca-remorque.com\/?post_type=product&#038;p=4287"},"modified":"2025-12-02T19:55:14","modified_gmt":"2025-12-02T18:55:14","slug":"romotop-laredo-10-keramikk","status":"publish","type":"product","link":"https:\/\/meca-remorque.com\/fr\/produit\/romotop-laredo-10-keramikk\/","title":{"rendered":"Romotop Laredo 10 Keramikk"},"content":{"rendered":"<p>Romotop Laredo med keramikktopp og -sider.<br \/>\nLaredo er en ny serie peisovner som kommer i 3 hovedmodeller; Standard. Med mulighet for varmelagring. Svingbar modell p\u00e5 fot. Alle modellene kan leveres med tre forskjellige overflater; st\u00e5l, kleberstein og keramikk. Formen og st\u00f8rrelsen gj\u00f8r ovnen lett \u00e5 plassere. Alle varienter har et stort og heldekkende glass i d\u00f8ren som gir godt innsyn til flammene. Slitesterk og varmebestandig chamottestein i brennkammeret er standard p\u00e5 alle variantene. Laredo med kleberstein: Attraktiv og luksuri\u00f8s ovn med unike proporsjoner med glassd\u00f8r og betjeningsh\u00e5ndtak i rustfritt st\u00e5l. Godt egnet for lavenergihus. Buet glass gir godt innsyn til flammene. Forvarmet sekund\u00e6rluft som \u00abvasker\u00bb vekk sot fra glasset i d\u00f8ren. Polerte rustfrie betjeningshendler. Designglass med print. Forbrenningskontroll med kun en hendel. Forberett for tilkobling til friskluft. Utstyrsrom med d\u00f8r<\/p>","protected":false},"excerpt":{"rendered":"<p>Romotop Laredo med keramikktopp og -sider &#8230;les mer<\/p>","protected":false},"featured_media":4328,"comment_status":"open","ping_status":"closed","template":"","meta":[],"product_brand":[],"product_cat":[282],"product_tag":[],"class_list":{"0":"post-4287","1":"product","2":"type-product","3":"status-publish","4":"has-post-thumbnail","6":"product_cat-peisovner-og-vedovner","8":"first","9":"instock","10":"shipping-taxable","11":"purchasable","12":"product-type-simple"},"_links":{"self":[{"href":"https:\/\/meca-remorque.com\/fr\/wp-json\/wp\/v2\/product\/4287","targetHints":{"allow":["GET"]}}],"collection":[{"href":"https:\/\/meca-remorque.com\/fr\/wp-json\/wp\/v2\/product"}],"about":[{"href":"https:\/\/meca-remorque.com\/fr\/wp-json\/wp\/v2\/types\/product"}],"replies":[{"embeddable":true,"href":"https:\/\/meca-remorque.com\/fr\/wp-json\/wp\/v2\/comments?post=4287"}],"version-history":[{"count":1,"href":"https:\/\/meca-remorque.com\/fr\/wp-json\/wp\/v2\/product\/4287\/revisions"}],"predecessor-version":[{"id":4329,"href":"https:\/\/meca-remorque.com\/fr\/wp-json\/wp\/v2\/product\/4287\/revisions\/4329"}],"wp:featuredmedia":[{"embeddable":true,"href":"https:\/\/meca-remorque.com\/fr\/wp-json\/wp\/v2\/media\/4328"}],"wp:attachment":[{"href":"https:\/\/meca-remorque.com\/fr\/wp-json\/wp\/v2\/media?parent=4287"}],"wp:term":[{"taxonomy":"product_brand","embeddable":true,"href":"https:\/\/meca-remorque.com\/fr\/wp-json\/wp\/v2\/product_brand?post=4287"},{"taxonomy":"product_cat","embeddable":true,"href":"https:\/\/meca-remorque.com\/fr\/wp-json\/wp\/v2\/product_cat?post=4287"},{"taxonomy":"product_tag","embeddable":true,"href":"https:\/\/meca-remorque.com\/fr\/wp-json\/wp\/v2\/product_tag?post=4287"}],"curies":[{"name":"wp","href":"https:\/\/api.w.org\/{rel}","templated":true}]}}