{"id":4299,"date":"2025-12-02T19:55:07","date_gmt":"2025-12-02T18:55:07","guid":{"rendered":"https:\/\/meca-remorque.com\/?post_type=product&#038;p=4299"},"modified":"2025-12-02T19:55:19","modified_gmt":"2025-12-02T18:55:19","slug":"romotop-soria-h-20-komplett-kleberstein","status":"publish","type":"product","link":"https:\/\/meca-remorque.com\/fr\/produit\/romotop-soria-h-20-komplett-kleberstein\/","title":{"rendered":"Romotop Soria H 20 Komplett kleberstein"},"content":{"rendered":"<p>Den moderne runde formen i kombinasjon med den store glassd\u00f8ren gir deg et unikt innsyn til flammene i Soria H.<br \/>\n&nbsp;<br \/>\nSORIA H peisovner er utstyrt med et system for automatisk og brukervennlig selvlukking av d\u00f8ren. Den store glassd\u00f8ren har ogs\u00e5 et elegant designtrykk. Takket v\u00e6re det sekund\u00e6re luftinntaket blir d\u00f8rglasset luftvasket for sot under hver fyring.<br \/>\nForbrenningsprosessen i brennkammeret er optimalisert for \u00e5 oppn\u00e5 best energiutnyttelse av veden. Brennkammeret er i vanlig Romotop-standard, utstyrt med en tung st\u00f8pejernsrist og varmebestandige fliser av chamottestein. Det prim\u00e6re og sekund\u00e6re luftinntaket som styrer forbrenningen, reguleres av en enkel kontrollspak.<br \/>\nSoria H kan ogs\u00e5 utstyres med spesielle akkumuleringssteiner i rommet over forbrenningskammeret. Denne &#8220;massen&#8221; av varmelagringselementer kan forlenge ovnens varmeavgivning med opptil 5,5 timer.<br \/>\nDenne peisovnen er meget godt egnet for lavenergiboliger. Alle versjonene inkluderer muligheten for \u00e5 koble til r\u00f8ykuttak enten p\u00e5 toppen eller bak p\u00e5 ovnen. Et EAI-system (Eksternt luftinntak) er ogs\u00e5 inkludert som standard.<br \/>\nRomotop Soria leveres standard i\u00a0sort st\u00e5l, men kan leveres med omramminger i forskjellige utf\u00f8relser.<\/p>\n<p>Kleberstein<br \/>\nSandstein<br \/>\nKeramikk\u00a0i en rekke farger og utf\u00f8relser.<\/p>","protected":false},"excerpt":{"rendered":"<p>Den moderne runde formen i kombinasjon med den store glassd\u00f8ren gir deg et unikt innsyn til flammene i Soria H.<\/p>","protected":false},"featured_media":4352,"comment_status":"open","ping_status":"closed","template":"","meta":[],"product_brand":[],"product_cat":[282],"product_tag":[],"class_list":{"0":"post-4299","1":"product","2":"type-product","3":"status-publish","4":"has-post-thumbnail","6":"product_cat-peisovner-og-vedovner","8":"first","9":"instock","10":"shipping-taxable","11":"purchasable","12":"product-type-simple"},"_links":{"self":[{"href":"https:\/\/meca-remorque.com\/fr\/wp-json\/wp\/v2\/product\/4299","targetHints":{"allow":["GET"]}}],"collection":[{"href":"https:\/\/meca-remorque.com\/fr\/wp-json\/wp\/v2\/product"}],"about":[{"href":"https:\/\/meca-remorque.com\/fr\/wp-json\/wp\/v2\/types\/product"}],"replies":[{"embeddable":true,"href":"https:\/\/meca-remorque.com\/fr\/wp-json\/wp\/v2\/comments?post=4299"}],"version-history":[{"count":1,"href":"https:\/\/meca-remorque.com\/fr\/wp-json\/wp\/v2\/product\/4299\/revisions"}],"predecessor-version":[{"id":4353,"href":"https:\/\/meca-remorque.com\/fr\/wp-json\/wp\/v2\/product\/4299\/revisions\/4353"}],"wp:featuredmedia":[{"embeddable":true,"href":"https:\/\/meca-remorque.com\/fr\/wp-json\/wp\/v2\/media\/4352"}],"wp:attachment":[{"href":"https:\/\/meca-remorque.com\/fr\/wp-json\/wp\/v2\/media?parent=4299"}],"wp:term":[{"taxonomy":"product_brand","embeddable":true,"href":"https:\/\/meca-remorque.com\/fr\/wp-json\/wp\/v2\/product_brand?post=4299"},{"taxonomy":"product_cat","embeddable":true,"href":"https:\/\/meca-remorque.com\/fr\/wp-json\/wp\/v2\/product_cat?post=4299"},{"taxonomy":"product_tag","embeddable":true,"href":"https:\/\/meca-remorque.com\/fr\/wp-json\/wp\/v2\/product_tag?post=4299"}],"curies":[{"name":"wp","href":"https:\/\/api.w.org\/{rel}","templated":true}]}}